{"id":844,"date":"2018-11-10T08:47:04","date_gmt":"2018-11-10T08:47:04","guid":{"rendered":"https:\/\/presencedigitalepourtous.com\/mayvannboutique\/?post_type=product&#038;p=844"},"modified":"2021-01-02T12:50:04","modified_gmt":"2021-01-02T12:50:04","slug":"ensemble-pour-nouveau-ne-06-pieces","status":"publish","type":"product","link":"https:\/\/presencedigitalepourtous.com\/mayvannboutique\/product\/ensemble-pour-nouveau-ne-06-pieces\/","title":{"rendered":"Ensemble pour nouveau n\u00e9 06 pi\u00e9ces"},"content":{"rendered":"<p>Ensemble compos\u00e9 1 baignoire, 1 seau, 1 chaise, 1 pot pour bb, 1 petite bassine, 1 tasse<\/p>\n","protected":false},"excerpt":{"rendered":"<p>Ensemble compos\u00e9 1 baignoire, 1 seau, 1 chaise, 1 pot pour bb, 1 petite bassine, 1 tasse<\/p>\n","protected":false},"featured_media":846,"comment_status":"open","ping_status":"closed","template":"","meta":[],"yoast_head":"<!-- This site is optimized with the Yoast SEO plugin v15.6.2 - https:\/\/yoast.com\/wordpress\/plugins\/seo\/ -->\n<title>Ensemble pour nouveau n\u00e9 06 pi\u00e9ces - MAYVANN Boutique<\/title>\n<meta name=\"robots\" content=\"index, follow, max-snippet:-1, max-image-preview:large, max-video-preview:-1\" \/>\n<link rel=\"canonical\" href=\"https:\/\/presencedigitalepourtous.com\/mayvannboutique\/product\/ensemble-pour-nouveau-ne-06-pieces\/\" \/>\n<meta property=\"og:locale\" content=\"fr_FR\" \/>\n<meta property=\"og:type\" content=\"article\" \/>\n<meta property=\"og:title\" content=\"Ensemble pour nouveau n\u00e9 06 pi\u00e9ces - MAYVANN Boutique\" \/>\n<meta property=\"og:description\" content=\"Ensemble compos\u00e9 1 baignoire, 1 seau, 1 chaise, 1 pot pour bb, 1 petite bassine, 1 tasse\" \/>\n<meta property=\"og:url\" content=\"https:\/\/presencedigitalepourtous.com\/mayvannboutique\/product\/ensemble-pour-nouveau-ne-06-pieces\/\" \/>\n<meta property=\"og:site_name\" content=\"MAYVANN Boutique\" \/>\n<meta property=\"article:modified_time\" content=\"2021-01-02T12:50:04+00:00\" \/>\n<meta property=\"og:image\" content=\"https:\/\/presencedigitalepourtous.com\/mayvannboutique\/wp-content\/uploads\/2018\/11\/bassine-rose.jpg\" \/>\n\t<meta property=\"og:image:width\" content=\"960\" \/>\n\t<meta property=\"og:image:height\" content=\"720\" \/>\n<meta name=\"twitter:card\" content=\"summary_large_image\" \/>\n<script type=\"application\/ld+json\" class=\"yoast-schema-graph\">{\"@context\":\"https:\/\/schema.org\",\"@graph\":[{\"@type\":\"WebSite\",\"@id\":\"https:\/\/presencedigitalepourtous.com\/mayvannboutique\/#website\",\"url\":\"https:\/\/presencedigitalepourtous.com\/mayvannboutique\/\",\"name\":\"MAYVANN Boutique\",\"description\":\"Vente de v\\u00eatements pour B\\u00e9b\\u00e9s et Enfants - Dakar\",\"potentialAction\":[{\"@type\":\"SearchAction\",\"target\":\"https:\/\/presencedigitalepourtous.com\/mayvannboutique\/?s={search_term_string}\",\"query-input\":\"required name=search_term_string\"}],\"inLanguage\":\"fr-FR\"},{\"@type\":\"ImageObject\",\"@id\":\"https:\/\/presencedigitalepourtous.com\/mayvannboutique\/product\/ensemble-pour-nouveau-ne-06-pieces\/#primaryimage\",\"inLanguage\":\"fr-FR\",\"url\":\"https:\/\/presencedigitalepourtous.com\/mayvannboutique\/wp-content\/uploads\/2018\/11\/bassine-rose.jpg\",\"width\":960,\"height\":720},{\"@type\":\"WebPage\",\"@id\":\"https:\/\/presencedigitalepourtous.com\/mayvannboutique\/product\/ensemble-pour-nouveau-ne-06-pieces\/#webpage\",\"url\":\"https:\/\/presencedigitalepourtous.com\/mayvannboutique\/product\/ensemble-pour-nouveau-ne-06-pieces\/\",\"name\":\"Ensemble pour nouveau n\\u00e9 06 pi\\u00e9ces - MAYVANN Boutique\",\"isPartOf\":{\"@id\":\"https:\/\/presencedigitalepourtous.com\/mayvannboutique\/#website\"},\"primaryImageOfPage\":{\"@id\":\"https:\/\/presencedigitalepourtous.com\/mayvannboutique\/product\/ensemble-pour-nouveau-ne-06-pieces\/#primaryimage\"},\"datePublished\":\"2018-11-10T08:47:04+00:00\",\"dateModified\":\"2021-01-02T12:50:04+00:00\",\"inLanguage\":\"fr-FR\",\"potentialAction\":[{\"@type\":\"ReadAction\",\"target\":[\"https:\/\/presencedigitalepourtous.com\/mayvannboutique\/product\/ensemble-pour-nouveau-ne-06-pieces\/\"]}]}]}<\/script>\n<!-- \/ Yoast SEO plugin. -->","_links":{"self":[{"href":"https:\/\/presencedigitalepourtous.com\/mayvannboutique\/wp-json\/wp\/v2\/product\/844"}],"collection":[{"href":"https:\/\/presencedigitalepourtous.com\/mayvannboutique\/wp-json\/wp\/v2\/product"}],"about":[{"href":"https:\/\/presencedigitalepourtous.com\/mayvannboutique\/wp-json\/wp\/v2\/types\/product"}],"replies":[{"embeddable":true,"href":"https:\/\/presencedigitalepourtous.com\/mayvannboutique\/wp-json\/wp\/v2\/comments?post=844"}],"wp:featuredmedia":[{"embeddable":true,"href":"https:\/\/presencedigitalepourtous.com\/mayvannboutique\/wp-json\/wp\/v2\/media\/846"}],"wp:attachment":[{"href":"https:\/\/presencedigitalepourtous.com\/mayvannboutique\/wp-json\/wp\/v2\/media?parent=844"}],"curies":[{"name":"wp","href":"https:\/\/api.w.org\/{rel}","templated":true}]}}