{"id":814,"date":"2018-10-10T12:09:07","date_gmt":"2018-10-10T12:09:07","guid":{"rendered":"https:\/\/presencedigitalepourtous.com\/mayvannboutique\/?post_type=product&#038;p=814"},"modified":"2018-10-10T12:09:07","modified_gmt":"2018-10-10T12:09:07","slug":"robe-plissee-taille-40","status":"publish","type":"product","link":"https:\/\/presencedigitalepourtous.com\/mayvannboutique\/product\/robe-plissee-taille-40\/","title":{"rendered":"Robe pliss\u00e9e Taille 40"},"content":{"rendered":"<p>Robe pliss\u00e9e vers le bas. Agr\u00e9able \u00e0 porter Taille 40<\/p>\n","protected":false},"excerpt":{"rendered":"<p>Robe pliss\u00e9e vers le bas. Agr\u00e9able \u00e0 porter Taille 40<\/p>\n","protected":false},"featured_media":810,"comment_status":"open","ping_status":"closed","template":"","meta":[],"yoast_head":"<!-- This site is optimized with the Yoast SEO plugin v15.6.2 - https:\/\/yoast.com\/wordpress\/plugins\/seo\/ -->\n<title>Robe pliss\u00e9e Taille 40 - MAYVANN Boutique<\/title>\n<meta name=\"robots\" content=\"index, follow, max-snippet:-1, max-image-preview:large, max-video-preview:-1\" \/>\n<link rel=\"canonical\" href=\"https:\/\/presencedigitalepourtous.com\/mayvannboutique\/product\/robe-plissee-taille-40\/\" \/>\n<meta property=\"og:locale\" content=\"fr_FR\" \/>\n<meta property=\"og:type\" content=\"article\" \/>\n<meta property=\"og:title\" content=\"Robe pliss\u00e9e Taille 40 - MAYVANN Boutique\" \/>\n<meta property=\"og:description\" content=\"Robe pliss\u00e9e vers le bas. Agr\u00e9able \u00e0 porter Taille 40\" \/>\n<meta property=\"og:url\" content=\"https:\/\/presencedigitalepourtous.com\/mayvannboutique\/product\/robe-plissee-taille-40\/\" \/>\n<meta property=\"og:site_name\" content=\"MAYVANN Boutique\" \/>\n<meta property=\"og:image\" content=\"https:\/\/presencedigitalepourtous.com\/mayvannboutique\/wp-content\/uploads\/2018\/10\/20181009_192033-449x840.jpg\" \/>\n\t<meta property=\"og:image:width\" content=\"449\" \/>\n\t<meta property=\"og:image:height\" content=\"840\" \/>\n<meta name=\"twitter:card\" content=\"summary_large_image\" \/>\n<script type=\"application\/ld+json\" class=\"yoast-schema-graph\">{\"@context\":\"https:\/\/schema.org\",\"@graph\":[{\"@type\":\"WebSite\",\"@id\":\"https:\/\/presencedigitalepourtous.com\/mayvannboutique\/#website\",\"url\":\"https:\/\/presencedigitalepourtous.com\/mayvannboutique\/\",\"name\":\"MAYVANN Boutique\",\"description\":\"Vente de v\\u00eatements pour B\\u00e9b\\u00e9s et Enfants - Dakar\",\"potentialAction\":[{\"@type\":\"SearchAction\",\"target\":\"https:\/\/presencedigitalepourtous.com\/mayvannboutique\/?s={search_term_string}\",\"query-input\":\"required name=search_term_string\"}],\"inLanguage\":\"fr-FR\"},{\"@type\":\"ImageObject\",\"@id\":\"https:\/\/presencedigitalepourtous.com\/mayvannboutique\/product\/robe-plissee-taille-40\/#primaryimage\",\"inLanguage\":\"fr-FR\",\"url\":\"https:\/\/presencedigitalepourtous.com\/mayvannboutique\/wp-content\/uploads\/2018\/10\/20181009_192033.jpg\",\"width\":2158,\"height\":4039},{\"@type\":\"WebPage\",\"@id\":\"https:\/\/presencedigitalepourtous.com\/mayvannboutique\/product\/robe-plissee-taille-40\/#webpage\",\"url\":\"https:\/\/presencedigitalepourtous.com\/mayvannboutique\/product\/robe-plissee-taille-40\/\",\"name\":\"Robe pliss\\u00e9e Taille 40 - MAYVANN Boutique\",\"isPartOf\":{\"@id\":\"https:\/\/presencedigitalepourtous.com\/mayvannboutique\/#website\"},\"primaryImageOfPage\":{\"@id\":\"https:\/\/presencedigitalepourtous.com\/mayvannboutique\/product\/robe-plissee-taille-40\/#primaryimage\"},\"datePublished\":\"2018-10-10T12:09:07+00:00\",\"dateModified\":\"2018-10-10T12:09:07+00:00\",\"inLanguage\":\"fr-FR\",\"potentialAction\":[{\"@type\":\"ReadAction\",\"target\":[\"https:\/\/presencedigitalepourtous.com\/mayvannboutique\/product\/robe-plissee-taille-40\/\"]}]}]}<\/script>\n<!-- \/ Yoast SEO plugin. -->","_links":{"self":[{"href":"https:\/\/presencedigitalepourtous.com\/mayvannboutique\/wp-json\/wp\/v2\/product\/814"}],"collection":[{"href":"https:\/\/presencedigitalepourtous.com\/mayvannboutique\/wp-json\/wp\/v2\/product"}],"about":[{"href":"https:\/\/presencedigitalepourtous.com\/mayvannboutique\/wp-json\/wp\/v2\/types\/product"}],"replies":[{"embeddable":true,"href":"https:\/\/presencedigitalepourtous.com\/mayvannboutique\/wp-json\/wp\/v2\/comments?post=814"}],"wp:featuredmedia":[{"embeddable":true,"href":"https:\/\/presencedigitalepourtous.com\/mayvannboutique\/wp-json\/wp\/v2\/media\/810"}],"wp:attachment":[{"href":"https:\/\/presencedigitalepourtous.com\/mayvannboutique\/wp-json\/wp\/v2\/media?parent=814"}],"curies":[{"name":"wp","href":"https:\/\/api.w.org\/{rel}","templated":true}]}}