{"id":703,"date":"2018-10-05T13:47:18","date_gmt":"2018-10-05T13:47:18","guid":{"rendered":"https:\/\/presencedigitalepourtous.com\/mayvannboutique\/?post_type=product&#038;p=703"},"modified":"2018-10-05T13:47:18","modified_gmt":"2018-10-05T13:47:18","slug":"couverture-fruit-de-ma-passion-3","status":"publish","type":"product","link":"https:\/\/presencedigitalepourtous.com\/mayvannboutique\/product\/couverture-fruit-de-ma-passion-3\/","title":{"rendered":"Couverture Fruit de ma Passion"},"content":{"rendered":"<p>Couverture b\u00e9b\u00e9 tr\u00e8s douce 100 % coton. Marque Fruit de ma Passion<\/p>\n","protected":false},"excerpt":{"rendered":"<p>Couverture b\u00e9b\u00e9 tr\u00e8s douce 100 % coton. Marque Fruit de ma Passion<\/p>\n","protected":false},"featured_media":705,"comment_status":"open","ping_status":"closed","template":"","meta":[],"yoast_head":"<!-- This site is optimized with the Yoast SEO plugin v15.6.2 - https:\/\/yoast.com\/wordpress\/plugins\/seo\/ -->\n<title>Couverture Fruit de ma Passion - MAYVANN Boutique<\/title>\n<meta name=\"robots\" content=\"index, follow, max-snippet:-1, max-image-preview:large, max-video-preview:-1\" \/>\n<link rel=\"canonical\" href=\"https:\/\/presencedigitalepourtous.com\/mayvannboutique\/product\/couverture-fruit-de-ma-passion-3\/\" \/>\n<meta property=\"og:locale\" content=\"fr_FR\" \/>\n<meta property=\"og:type\" content=\"article\" \/>\n<meta property=\"og:title\" content=\"Couverture Fruit de ma Passion - MAYVANN Boutique\" \/>\n<meta property=\"og:description\" content=\"Couverture b\u00e9b\u00e9 tr\u00e8s douce 100 % coton. Marque Fruit de ma Passion\" \/>\n<meta property=\"og:url\" content=\"https:\/\/presencedigitalepourtous.com\/mayvannboutique\/product\/couverture-fruit-de-ma-passion-3\/\" \/>\n<meta property=\"og:site_name\" content=\"MAYVANN Boutique\" \/>\n<meta property=\"og:image\" content=\"https:\/\/presencedigitalepourtous.com\/mayvannboutique\/wp-content\/uploads\/2018\/10\/IMG_20171104_150210.jpg\" \/>\n\t<meta property=\"og:image:width\" content=\"1024\" \/>\n\t<meta property=\"og:image:height\" content=\"576\" \/>\n<meta name=\"twitter:card\" content=\"summary_large_image\" \/>\n<script type=\"application\/ld+json\" class=\"yoast-schema-graph\">{\"@context\":\"https:\/\/schema.org\",\"@graph\":[{\"@type\":\"WebSite\",\"@id\":\"https:\/\/presencedigitalepourtous.com\/mayvannboutique\/#website\",\"url\":\"https:\/\/presencedigitalepourtous.com\/mayvannboutique\/\",\"name\":\"MAYVANN Boutique\",\"description\":\"Vente de v\\u00eatements pour B\\u00e9b\\u00e9s et Enfants - Dakar\",\"potentialAction\":[{\"@type\":\"SearchAction\",\"target\":\"https:\/\/presencedigitalepourtous.com\/mayvannboutique\/?s={search_term_string}\",\"query-input\":\"required name=search_term_string\"}],\"inLanguage\":\"fr-FR\"},{\"@type\":\"ImageObject\",\"@id\":\"https:\/\/presencedigitalepourtous.com\/mayvannboutique\/product\/couverture-fruit-de-ma-passion-3\/#primaryimage\",\"inLanguage\":\"fr-FR\",\"url\":\"https:\/\/presencedigitalepourtous.com\/mayvannboutique\/wp-content\/uploads\/2018\/10\/IMG_20171104_150210.jpg\",\"width\":1024,\"height\":576},{\"@type\":\"WebPage\",\"@id\":\"https:\/\/presencedigitalepourtous.com\/mayvannboutique\/product\/couverture-fruit-de-ma-passion-3\/#webpage\",\"url\":\"https:\/\/presencedigitalepourtous.com\/mayvannboutique\/product\/couverture-fruit-de-ma-passion-3\/\",\"name\":\"Couverture Fruit de ma Passion - MAYVANN Boutique\",\"isPartOf\":{\"@id\":\"https:\/\/presencedigitalepourtous.com\/mayvannboutique\/#website\"},\"primaryImageOfPage\":{\"@id\":\"https:\/\/presencedigitalepourtous.com\/mayvannboutique\/product\/couverture-fruit-de-ma-passion-3\/#primaryimage\"},\"datePublished\":\"2018-10-05T13:47:18+00:00\",\"dateModified\":\"2018-10-05T13:47:18+00:00\",\"inLanguage\":\"fr-FR\",\"potentialAction\":[{\"@type\":\"ReadAction\",\"target\":[\"https:\/\/presencedigitalepourtous.com\/mayvannboutique\/product\/couverture-fruit-de-ma-passion-3\/\"]}]}]}<\/script>\n<!-- \/ Yoast SEO plugin. -->","_links":{"self":[{"href":"https:\/\/presencedigitalepourtous.com\/mayvannboutique\/wp-json\/wp\/v2\/product\/703"}],"collection":[{"href":"https:\/\/presencedigitalepourtous.com\/mayvannboutique\/wp-json\/wp\/v2\/product"}],"about":[{"href":"https:\/\/presencedigitalepourtous.com\/mayvannboutique\/wp-json\/wp\/v2\/types\/product"}],"replies":[{"embeddable":true,"href":"https:\/\/presencedigitalepourtous.com\/mayvannboutique\/wp-json\/wp\/v2\/comments?post=703"}],"wp:featuredmedia":[{"embeddable":true,"href":"https:\/\/presencedigitalepourtous.com\/mayvannboutique\/wp-json\/wp\/v2\/media\/705"}],"wp:attachment":[{"href":"https:\/\/presencedigitalepourtous.com\/mayvannboutique\/wp-json\/wp\/v2\/media?parent=703"}],"curies":[{"name":"wp","href":"https:\/\/api.w.org\/{rel}","templated":true}]}}