{"id":689,"date":"2018-10-05T12:31:27","date_gmt":"2018-10-05T12:31:27","guid":{"rendered":"https:\/\/presencedigitalepourtous.com\/mayvannboutique\/?post_type=product&#038;p=689"},"modified":"2018-10-05T12:31:27","modified_gmt":"2018-10-05T12:31:27","slug":"coffret-naissance-garcon-07-pieces","status":"publish","type":"product","link":"https:\/\/presencedigitalepourtous.com\/mayvannboutique\/product\/coffret-naissance-garcon-07-pieces\/","title":{"rendered":"coffret naissance gar\u00e7on 07 pi\u00e9ces"},"content":{"rendered":"<p>Ensemble 100 % coton compos\u00e9 d&rsquo;un pantalon pyjama, un body, un bavoir, bonnet, un jouet plastique et paire de mouffles.<\/p>\n","protected":false},"excerpt":{"rendered":"<p>Ensemble 100 % coton compos\u00e9 d&rsquo;un pantalon pyjama, un body, un bavoir, bonnet, un jouet plastique et paire de mouffles.<\/p>\n","protected":false},"featured_media":687,"comment_status":"open","ping_status":"closed","template":"","meta":[],"yoast_head":"<!-- This site is optimized with the Yoast SEO plugin v15.6.2 - https:\/\/yoast.com\/wordpress\/plugins\/seo\/ -->\n<title>coffret naissance gar\u00e7on 07 pi\u00e9ces - MAYVANN Boutique<\/title>\n<meta name=\"robots\" content=\"index, follow, max-snippet:-1, max-image-preview:large, max-video-preview:-1\" \/>\n<link rel=\"canonical\" href=\"https:\/\/presencedigitalepourtous.com\/mayvannboutique\/product\/coffret-naissance-garcon-07-pieces\/\" \/>\n<meta property=\"og:locale\" content=\"fr_FR\" \/>\n<meta property=\"og:type\" content=\"article\" \/>\n<meta property=\"og:title\" content=\"coffret naissance gar\u00e7on 07 pi\u00e9ces - MAYVANN Boutique\" \/>\n<meta property=\"og:description\" content=\"Ensemble 100 % coton compos\u00e9 d&rsquo;un pantalon pyjama, un body, un bavoir, bonnet, un jouet plastique et paire de mouffles.\" \/>\n<meta property=\"og:url\" content=\"https:\/\/presencedigitalepourtous.com\/mayvannboutique\/product\/coffret-naissance-garcon-07-pieces\/\" \/>\n<meta property=\"og:site_name\" content=\"MAYVANN Boutique\" \/>\n<meta property=\"og:image\" content=\"https:\/\/presencedigitalepourtous.com\/mayvannboutique\/wp-content\/uploads\/2018\/10\/FB_IMG_1506984372740-1.jpg\" \/>\n\t<meta property=\"og:image:width\" content=\"720\" \/>\n\t<meta property=\"og:image:height\" content=\"540\" \/>\n<meta name=\"twitter:card\" content=\"summary_large_image\" \/>\n<script type=\"application\/ld+json\" class=\"yoast-schema-graph\">{\"@context\":\"https:\/\/schema.org\",\"@graph\":[{\"@type\":\"WebSite\",\"@id\":\"https:\/\/presencedigitalepourtous.com\/mayvannboutique\/#website\",\"url\":\"https:\/\/presencedigitalepourtous.com\/mayvannboutique\/\",\"name\":\"MAYVANN Boutique\",\"description\":\"Vente de v\\u00eatements pour B\\u00e9b\\u00e9s et Enfants - Dakar\",\"potentialAction\":[{\"@type\":\"SearchAction\",\"target\":\"https:\/\/presencedigitalepourtous.com\/mayvannboutique\/?s={search_term_string}\",\"query-input\":\"required name=search_term_string\"}],\"inLanguage\":\"fr-FR\"},{\"@type\":\"ImageObject\",\"@id\":\"https:\/\/presencedigitalepourtous.com\/mayvannboutique\/product\/coffret-naissance-garcon-07-pieces\/#primaryimage\",\"inLanguage\":\"fr-FR\",\"url\":\"https:\/\/presencedigitalepourtous.com\/mayvannboutique\/wp-content\/uploads\/2018\/10\/FB_IMG_1506984372740-1.jpg\",\"width\":720,\"height\":540},{\"@type\":\"WebPage\",\"@id\":\"https:\/\/presencedigitalepourtous.com\/mayvannboutique\/product\/coffret-naissance-garcon-07-pieces\/#webpage\",\"url\":\"https:\/\/presencedigitalepourtous.com\/mayvannboutique\/product\/coffret-naissance-garcon-07-pieces\/\",\"name\":\"coffret naissance gar\\u00e7on 07 pi\\u00e9ces - MAYVANN Boutique\",\"isPartOf\":{\"@id\":\"https:\/\/presencedigitalepourtous.com\/mayvannboutique\/#website\"},\"primaryImageOfPage\":{\"@id\":\"https:\/\/presencedigitalepourtous.com\/mayvannboutique\/product\/coffret-naissance-garcon-07-pieces\/#primaryimage\"},\"datePublished\":\"2018-10-05T12:31:27+00:00\",\"dateModified\":\"2018-10-05T12:31:27+00:00\",\"inLanguage\":\"fr-FR\",\"potentialAction\":[{\"@type\":\"ReadAction\",\"target\":[\"https:\/\/presencedigitalepourtous.com\/mayvannboutique\/product\/coffret-naissance-garcon-07-pieces\/\"]}]}]}<\/script>\n<!-- \/ Yoast SEO plugin. -->","_links":{"self":[{"href":"https:\/\/presencedigitalepourtous.com\/mayvannboutique\/wp-json\/wp\/v2\/product\/689"}],"collection":[{"href":"https:\/\/presencedigitalepourtous.com\/mayvannboutique\/wp-json\/wp\/v2\/product"}],"about":[{"href":"https:\/\/presencedigitalepourtous.com\/mayvannboutique\/wp-json\/wp\/v2\/types\/product"}],"replies":[{"embeddable":true,"href":"https:\/\/presencedigitalepourtous.com\/mayvannboutique\/wp-json\/wp\/v2\/comments?post=689"}],"wp:featuredmedia":[{"embeddable":true,"href":"https:\/\/presencedigitalepourtous.com\/mayvannboutique\/wp-json\/wp\/v2\/media\/687"}],"wp:attachment":[{"href":"https:\/\/presencedigitalepourtous.com\/mayvannboutique\/wp-json\/wp\/v2\/media?parent=689"}],"curies":[{"name":"wp","href":"https:\/\/api.w.org\/{rel}","templated":true}]}}