{"id":635,"date":"2018-10-03T16:36:05","date_gmt":"2018-10-03T16:36:05","guid":{"rendered":"https:\/\/presencedigitalepourtous.com\/mayvannboutique\/?post_type=product&#038;p=635"},"modified":"2018-10-05T11:33:59","modified_gmt":"2018-10-05T11:33:59","slug":"ensemble-haut-pantalon-et-chapeau-pour-fille-de-1-an-a-5-ans","status":"publish","type":"product","link":"https:\/\/presencedigitalepourtous.com\/mayvannboutique\/product\/ensemble-haut-pantalon-et-chapeau-pour-fille-de-1-an-a-5-ans\/","title":{"rendered":"Ensemble haut, pantalon et chapeau pour fille de 1 an \u00e0 5 ans"},"content":{"rendered":"<p>Ensemble haut, pantalon et chapeau pour fille de 1 an \u00e0 5 ans<\/p>\n","protected":false},"excerpt":{"rendered":"<p>Ensemble haut, pantalon et chapeau pour fille de 1 an \u00e0 5 ans<\/p>\n","protected":false},"featured_media":677,"comment_status":"open","ping_status":"closed","template":"","meta":[],"yoast_head":"<!-- This site is optimized with the Yoast SEO plugin v15.6.2 - https:\/\/yoast.com\/wordpress\/plugins\/seo\/ -->\n<title>Ensemble haut, pantalon et chapeau pour fille de 1 an \u00e0 5 ans - MAYVANN Boutique<\/title>\n<meta name=\"description\" content=\"Ensemble haut, pantalon et chapeau pour fille de 1 an \u00e0 5 ans. Tr\u00e8s confortable et habill\u00e9. Commander cet ensemble pour votre fille.\" \/>\n<meta name=\"robots\" content=\"index, follow, max-snippet:-1, max-image-preview:large, max-video-preview:-1\" \/>\n<link rel=\"canonical\" href=\"https:\/\/presencedigitalepourtous.com\/mayvannboutique\/product\/ensemble-haut-pantalon-et-chapeau-pour-fille-de-1-an-a-5-ans\/\" \/>\n<meta property=\"og:locale\" content=\"fr_FR\" \/>\n<meta property=\"og:type\" content=\"article\" \/>\n<meta property=\"og:title\" content=\"Ensemble haut, pantalon et chapeau pour fille de 1 an \u00e0 5 ans - MAYVANN Boutique\" \/>\n<meta property=\"og:description\" content=\"Ensemble haut, pantalon et chapeau pour fille de 1 an \u00e0 5 ans. Tr\u00e8s confortable et habill\u00e9. Commander cet ensemble pour votre fille.\" \/>\n<meta property=\"og:url\" content=\"https:\/\/presencedigitalepourtous.com\/mayvannboutique\/product\/ensemble-haut-pantalon-et-chapeau-pour-fille-de-1-an-a-5-ans\/\" \/>\n<meta property=\"og:site_name\" content=\"MAYVANN Boutique\" \/>\n<meta property=\"article:modified_time\" content=\"2018-10-05T11:33:59+00:00\" \/>\n<meta property=\"og:image\" content=\"https:\/\/presencedigitalepourtous.com\/mayvannboutique\/wp-content\/uploads\/2018\/10\/IMG-20180925-WA0048.jpg\" \/>\n\t<meta property=\"og:image:width\" content=\"456\" \/>\n\t<meta property=\"og:image:height\" content=\"1078\" \/>\n<meta name=\"twitter:card\" content=\"summary_large_image\" \/>\n<script type=\"application\/ld+json\" class=\"yoast-schema-graph\">{\"@context\":\"https:\/\/schema.org\",\"@graph\":[{\"@type\":\"WebSite\",\"@id\":\"https:\/\/presencedigitalepourtous.com\/mayvannboutique\/#website\",\"url\":\"https:\/\/presencedigitalepourtous.com\/mayvannboutique\/\",\"name\":\"MAYVANN Boutique\",\"description\":\"Vente de v\\u00eatements pour B\\u00e9b\\u00e9s et Enfants - Dakar\",\"potentialAction\":[{\"@type\":\"SearchAction\",\"target\":\"https:\/\/presencedigitalepourtous.com\/mayvannboutique\/?s={search_term_string}\",\"query-input\":\"required name=search_term_string\"}],\"inLanguage\":\"fr-FR\"},{\"@type\":\"ImageObject\",\"@id\":\"https:\/\/presencedigitalepourtous.com\/mayvannboutique\/product\/ensemble-haut-pantalon-et-chapeau-pour-fille-de-1-an-a-5-ans\/#primaryimage\",\"inLanguage\":\"fr-FR\",\"url\":\"https:\/\/presencedigitalepourtous.com\/mayvannboutique\/wp-content\/uploads\/2018\/10\/IMG-20180925-WA0048.jpg\",\"width\":456,\"height\":1078},{\"@type\":\"WebPage\",\"@id\":\"https:\/\/presencedigitalepourtous.com\/mayvannboutique\/product\/ensemble-haut-pantalon-et-chapeau-pour-fille-de-1-an-a-5-ans\/#webpage\",\"url\":\"https:\/\/presencedigitalepourtous.com\/mayvannboutique\/product\/ensemble-haut-pantalon-et-chapeau-pour-fille-de-1-an-a-5-ans\/\",\"name\":\"Ensemble haut, pantalon et chapeau pour fille de 1 an \\u00e0 5 ans - MAYVANN Boutique\",\"isPartOf\":{\"@id\":\"https:\/\/presencedigitalepourtous.com\/mayvannboutique\/#website\"},\"primaryImageOfPage\":{\"@id\":\"https:\/\/presencedigitalepourtous.com\/mayvannboutique\/product\/ensemble-haut-pantalon-et-chapeau-pour-fille-de-1-an-a-5-ans\/#primaryimage\"},\"datePublished\":\"2018-10-03T16:36:05+00:00\",\"dateModified\":\"2018-10-05T11:33:59+00:00\",\"description\":\"Ensemble haut, pantalon et chapeau pour fille de 1 an \\u00e0 5 ans. Tr\\u00e8s confortable et habill\\u00e9. Commander cet ensemble pour votre fille.\",\"inLanguage\":\"fr-FR\",\"potentialAction\":[{\"@type\":\"ReadAction\",\"target\":[\"https:\/\/presencedigitalepourtous.com\/mayvannboutique\/product\/ensemble-haut-pantalon-et-chapeau-pour-fille-de-1-an-a-5-ans\/\"]}]}]}<\/script>\n<!-- \/ Yoast SEO plugin. -->","_links":{"self":[{"href":"https:\/\/presencedigitalepourtous.com\/mayvannboutique\/wp-json\/wp\/v2\/product\/635"}],"collection":[{"href":"https:\/\/presencedigitalepourtous.com\/mayvannboutique\/wp-json\/wp\/v2\/product"}],"about":[{"href":"https:\/\/presencedigitalepourtous.com\/mayvannboutique\/wp-json\/wp\/v2\/types\/product"}],"replies":[{"embeddable":true,"href":"https:\/\/presencedigitalepourtous.com\/mayvannboutique\/wp-json\/wp\/v2\/comments?post=635"}],"wp:featuredmedia":[{"embeddable":true,"href":"https:\/\/presencedigitalepourtous.com\/mayvannboutique\/wp-json\/wp\/v2\/media\/677"}],"wp:attachment":[{"href":"https:\/\/presencedigitalepourtous.com\/mayvannboutique\/wp-json\/wp\/v2\/media?parent=635"}],"curies":[{"name":"wp","href":"https:\/\/api.w.org\/{rel}","templated":true}]}}