{"id":629,"date":"2018-10-03T16:23:07","date_gmt":"2018-10-03T16:23:07","guid":{"rendered":"https:\/\/presencedigitalepourtous.com\/mayvannboutique\/?post_type=product&#038;p=629"},"modified":"2023-10-29T22:22:29","modified_gmt":"2023-10-29T22:22:29","slug":"ensemble-haut-et-pantalon-pour-fille-de-1-an-a-5-ans-marque-mrix","status":"publish","type":"product","link":"https:\/\/presencedigitalepourtous.com\/mayvannboutique\/product\/ensemble-haut-et-pantalon-pour-fille-de-1-an-a-5-ans-marque-mrix\/","title":{"rendered":"Ensemble haut et pantalon pour fille de 1 an \u00e0 5 ans marque MRIX"},"content":{"rendered":"<p>Ensemble haut et pantalon pour fille de 1 an \u00e0 5 ans marque MRIX<\/p>\n","protected":false},"excerpt":{"rendered":"<p>Ensemble haut et pantalon pour fille de 1 an \u00e0 5 ans marque MRIX<\/p>\n","protected":false},"featured_media":670,"comment_status":"open","ping_status":"closed","template":"","meta":[],"yoast_head":"<!-- This site is optimized with the Yoast SEO plugin v15.6.2 - https:\/\/yoast.com\/wordpress\/plugins\/seo\/ -->\n<title>Ensemble haut et pantalon pour fille de 1 an \u00e0 5 ans marque MRIX - MAYVANN Boutique<\/title>\n<meta name=\"description\" content=\"Ensemble haut et pantalon pour fille de 1 an \u00e0 5 ans marque MRIX. Rend votre fille \u00e9l\u00e9gante. Disponible actuellement dans notre boutique.\" \/>\n<meta name=\"robots\" content=\"index, follow, max-snippet:-1, max-image-preview:large, max-video-preview:-1\" \/>\n<link rel=\"canonical\" href=\"https:\/\/presencedigitalepourtous.com\/mayvannboutique\/product\/ensemble-haut-et-pantalon-pour-fille-de-1-an-a-5-ans-marque-mrix\/\" \/>\n<meta property=\"og:locale\" content=\"fr_FR\" \/>\n<meta property=\"og:type\" content=\"article\" \/>\n<meta property=\"og:title\" content=\"Ensemble haut et pantalon pour fille de 1 an \u00e0 5 ans marque MRIX - MAYVANN Boutique\" \/>\n<meta property=\"og:description\" content=\"Ensemble haut et pantalon pour fille de 1 an \u00e0 5 ans marque MRIX. Rend votre fille \u00e9l\u00e9gante. Disponible actuellement dans notre boutique.\" \/>\n<meta property=\"og:url\" content=\"https:\/\/presencedigitalepourtous.com\/mayvannboutique\/product\/ensemble-haut-et-pantalon-pour-fille-de-1-an-a-5-ans-marque-mrix\/\" \/>\n<meta property=\"og:site_name\" content=\"MAYVANN Boutique\" \/>\n<meta property=\"article:modified_time\" content=\"2023-10-29T22:22:29+00:00\" \/>\n<meta property=\"og:image\" content=\"https:\/\/presencedigitalepourtous.com\/mayvannboutique\/wp-content\/uploads\/2018\/10\/IMG-20180925-WA0045.jpg\" \/>\n\t<meta property=\"og:image:width\" content=\"607\" \/>\n\t<meta property=\"og:image:height\" content=\"1080\" \/>\n<meta name=\"twitter:card\" content=\"summary_large_image\" \/>\n<script type=\"application\/ld+json\" class=\"yoast-schema-graph\">{\"@context\":\"https:\/\/schema.org\",\"@graph\":[{\"@type\":\"WebSite\",\"@id\":\"https:\/\/presencedigitalepourtous.com\/mayvannboutique\/#website\",\"url\":\"https:\/\/presencedigitalepourtous.com\/mayvannboutique\/\",\"name\":\"MAYVANN Boutique\",\"description\":\"Vente de v\\u00eatements pour B\\u00e9b\\u00e9s et Enfants - Dakar\",\"potentialAction\":[{\"@type\":\"SearchAction\",\"target\":\"https:\/\/presencedigitalepourtous.com\/mayvannboutique\/?s={search_term_string}\",\"query-input\":\"required name=search_term_string\"}],\"inLanguage\":\"fr-FR\"},{\"@type\":\"ImageObject\",\"@id\":\"https:\/\/presencedigitalepourtous.com\/mayvannboutique\/product\/ensemble-haut-et-pantalon-pour-fille-de-1-an-a-5-ans-marque-mrix\/#primaryimage\",\"inLanguage\":\"fr-FR\",\"url\":\"https:\/\/presencedigitalepourtous.com\/mayvannboutique\/wp-content\/uploads\/2018\/10\/IMG-20180925-WA0045.jpg\",\"width\":607,\"height\":1080},{\"@type\":\"WebPage\",\"@id\":\"https:\/\/presencedigitalepourtous.com\/mayvannboutique\/product\/ensemble-haut-et-pantalon-pour-fille-de-1-an-a-5-ans-marque-mrix\/#webpage\",\"url\":\"https:\/\/presencedigitalepourtous.com\/mayvannboutique\/product\/ensemble-haut-et-pantalon-pour-fille-de-1-an-a-5-ans-marque-mrix\/\",\"name\":\"Ensemble haut et pantalon pour fille de 1 an \\u00e0 5 ans marque MRIX - MAYVANN Boutique\",\"isPartOf\":{\"@id\":\"https:\/\/presencedigitalepourtous.com\/mayvannboutique\/#website\"},\"primaryImageOfPage\":{\"@id\":\"https:\/\/presencedigitalepourtous.com\/mayvannboutique\/product\/ensemble-haut-et-pantalon-pour-fille-de-1-an-a-5-ans-marque-mrix\/#primaryimage\"},\"datePublished\":\"2018-10-03T16:23:07+00:00\",\"dateModified\":\"2023-10-29T22:22:29+00:00\",\"description\":\"Ensemble haut et pantalon pour fille de 1 an \\u00e0 5 ans marque MRIX. Rend votre fille \\u00e9l\\u00e9gante. Disponible actuellement dans notre boutique.\",\"inLanguage\":\"fr-FR\",\"potentialAction\":[{\"@type\":\"ReadAction\",\"target\":[\"https:\/\/presencedigitalepourtous.com\/mayvannboutique\/product\/ensemble-haut-et-pantalon-pour-fille-de-1-an-a-5-ans-marque-mrix\/\"]}]}]}<\/script>\n<!-- \/ Yoast SEO plugin. -->","_links":{"self":[{"href":"https:\/\/presencedigitalepourtous.com\/mayvannboutique\/wp-json\/wp\/v2\/product\/629"}],"collection":[{"href":"https:\/\/presencedigitalepourtous.com\/mayvannboutique\/wp-json\/wp\/v2\/product"}],"about":[{"href":"https:\/\/presencedigitalepourtous.com\/mayvannboutique\/wp-json\/wp\/v2\/types\/product"}],"replies":[{"embeddable":true,"href":"https:\/\/presencedigitalepourtous.com\/mayvannboutique\/wp-json\/wp\/v2\/comments?post=629"}],"wp:featuredmedia":[{"embeddable":true,"href":"https:\/\/presencedigitalepourtous.com\/mayvannboutique\/wp-json\/wp\/v2\/media\/670"}],"wp:attachment":[{"href":"https:\/\/presencedigitalepourtous.com\/mayvannboutique\/wp-json\/wp\/v2\/media?parent=629"}],"curies":[{"name":"wp","href":"https:\/\/api.w.org\/{rel}","templated":true}]}}