{"id":621,"date":"2018-10-03T16:02:44","date_gmt":"2018-10-03T16:02:44","guid":{"rendered":"https:\/\/presencedigitalepourtous.com\/mayvannboutique\/?post_type=product&#038;p=621"},"modified":"2025-09-17T06:01:34","modified_gmt":"2025-09-17T06:01:34","slug":"robe-de-marque-primark-en-coton-pour-fille-2-a-3-ans","status":"publish","type":"product","link":"https:\/\/presencedigitalepourtous.com\/mayvannboutique\/product\/robe-de-marque-primark-en-coton-pour-fille-2-a-3-ans\/","title":{"rendered":"Robe de marque primark en coton pour fille 2 \u00e0 3 ans"},"content":{"rendered":"<p>Robe de marque PRIMARK en coton pour fille 2 \u00e0 3 ans<\/p>\n","protected":false},"excerpt":{"rendered":"<p>Robe de marque primark en coton pour fille 2 \u00e0 3 ans<\/p>\n","protected":false},"featured_media":622,"comment_status":"open","ping_status":"closed","template":"","meta":[],"yoast_head":"<!-- This site is optimized with the Yoast SEO plugin v15.6.2 - https:\/\/yoast.com\/wordpress\/plugins\/seo\/ -->\n<title>Robe de marque primark en coton pour fille 2 \u00e0 3 ans - MAYVANN Boutique<\/title>\n<meta name=\"description\" content=\"Robe de marque primark en coton pour fille 2 \u00e0 3 ans. Tr\u00e8s jolie. Fa\u00eetes plaisir \u00e0 votre fille en lui offrant cette robe d\u00e8s maintenant.\" \/>\n<meta name=\"robots\" content=\"index, follow, max-snippet:-1, max-image-preview:large, max-video-preview:-1\" \/>\n<link rel=\"canonical\" href=\"https:\/\/presencedigitalepourtous.com\/mayvannboutique\/product\/robe-de-marque-primark-en-coton-pour-fille-2-a-3-ans\/\" \/>\n<meta property=\"og:locale\" content=\"fr_FR\" \/>\n<meta property=\"og:type\" content=\"article\" \/>\n<meta property=\"og:title\" content=\"Robe de marque primark en coton pour fille 2 \u00e0 3 ans - MAYVANN Boutique\" \/>\n<meta property=\"og:description\" content=\"Robe de marque primark en coton pour fille 2 \u00e0 3 ans. Tr\u00e8s jolie. Fa\u00eetes plaisir \u00e0 votre fille en lui offrant cette robe d\u00e8s maintenant.\" \/>\n<meta property=\"og:url\" content=\"https:\/\/presencedigitalepourtous.com\/mayvannboutique\/product\/robe-de-marque-primark-en-coton-pour-fille-2-a-3-ans\/\" \/>\n<meta property=\"og:site_name\" content=\"MAYVANN Boutique\" \/>\n<meta property=\"article:modified_time\" content=\"2025-09-17T06:01:34+00:00\" \/>\n<meta property=\"og:image\" content=\"https:\/\/presencedigitalepourtous.com\/mayvannboutique\/wp-content\/uploads\/2018\/10\/robette-bleue.jpg\" \/>\n\t<meta property=\"og:image:width\" content=\"607\" \/>\n\t<meta property=\"og:image:height\" content=\"1080\" \/>\n<meta name=\"twitter:card\" content=\"summary_large_image\" \/>\n<script type=\"application\/ld+json\" class=\"yoast-schema-graph\">{\"@context\":\"https:\/\/schema.org\",\"@graph\":[{\"@type\":\"WebSite\",\"@id\":\"https:\/\/presencedigitalepourtous.com\/mayvannboutique\/#website\",\"url\":\"https:\/\/presencedigitalepourtous.com\/mayvannboutique\/\",\"name\":\"MAYVANN Boutique\",\"description\":\"Vente de v\\u00eatements pour B\\u00e9b\\u00e9s et Enfants - Dakar\",\"potentialAction\":[{\"@type\":\"SearchAction\",\"target\":\"https:\/\/presencedigitalepourtous.com\/mayvannboutique\/?s={search_term_string}\",\"query-input\":\"required name=search_term_string\"}],\"inLanguage\":\"fr-FR\"},{\"@type\":\"ImageObject\",\"@id\":\"https:\/\/presencedigitalepourtous.com\/mayvannboutique\/product\/robe-de-marque-primark-en-coton-pour-fille-2-a-3-ans\/#primaryimage\",\"inLanguage\":\"fr-FR\",\"url\":\"https:\/\/presencedigitalepourtous.com\/mayvannboutique\/wp-content\/uploads\/2018\/10\/robette-bleue.jpg\",\"width\":607,\"height\":1080},{\"@type\":\"WebPage\",\"@id\":\"https:\/\/presencedigitalepourtous.com\/mayvannboutique\/product\/robe-de-marque-primark-en-coton-pour-fille-2-a-3-ans\/#webpage\",\"url\":\"https:\/\/presencedigitalepourtous.com\/mayvannboutique\/product\/robe-de-marque-primark-en-coton-pour-fille-2-a-3-ans\/\",\"name\":\"Robe de marque primark en coton pour fille 2 \\u00e0 3 ans - MAYVANN Boutique\",\"isPartOf\":{\"@id\":\"https:\/\/presencedigitalepourtous.com\/mayvannboutique\/#website\"},\"primaryImageOfPage\":{\"@id\":\"https:\/\/presencedigitalepourtous.com\/mayvannboutique\/product\/robe-de-marque-primark-en-coton-pour-fille-2-a-3-ans\/#primaryimage\"},\"datePublished\":\"2018-10-03T16:02:44+00:00\",\"dateModified\":\"2025-09-17T06:01:34+00:00\",\"description\":\"Robe de marque primark en coton pour fille 2 \\u00e0 3 ans. Tr\\u00e8s jolie. Fa\\u00eetes plaisir \\u00e0 votre fille en lui offrant cette robe d\\u00e8s maintenant.\",\"inLanguage\":\"fr-FR\",\"potentialAction\":[{\"@type\":\"ReadAction\",\"target\":[\"https:\/\/presencedigitalepourtous.com\/mayvannboutique\/product\/robe-de-marque-primark-en-coton-pour-fille-2-a-3-ans\/\"]}]}]}<\/script>\n<!-- \/ Yoast SEO plugin. -->","_links":{"self":[{"href":"https:\/\/presencedigitalepourtous.com\/mayvannboutique\/wp-json\/wp\/v2\/product\/621"}],"collection":[{"href":"https:\/\/presencedigitalepourtous.com\/mayvannboutique\/wp-json\/wp\/v2\/product"}],"about":[{"href":"https:\/\/presencedigitalepourtous.com\/mayvannboutique\/wp-json\/wp\/v2\/types\/product"}],"replies":[{"embeddable":true,"href":"https:\/\/presencedigitalepourtous.com\/mayvannboutique\/wp-json\/wp\/v2\/comments?post=621"}],"wp:featuredmedia":[{"embeddable":true,"href":"https:\/\/presencedigitalepourtous.com\/mayvannboutique\/wp-json\/wp\/v2\/media\/622"}],"wp:attachment":[{"href":"https:\/\/presencedigitalepourtous.com\/mayvannboutique\/wp-json\/wp\/v2\/media?parent=621"}],"curies":[{"name":"wp","href":"https:\/\/api.w.org\/{rel}","templated":true}]}}