{"id":609,"date":"2018-10-03T15:32:28","date_gmt":"2018-10-03T15:32:28","guid":{"rendered":"https:\/\/presencedigitalepourtous.com\/mayvannboutique\/?post_type=product&#038;p=609"},"modified":"2019-04-10T13:22:20","modified_gmt":"2019-04-10T13:22:20","slug":"chemise-en-coton-primark-pour-garcon","status":"publish","type":"product","link":"https:\/\/presencedigitalepourtous.com\/mayvannboutique\/product\/chemise-en-coton-primark-pour-garcon\/","title":{"rendered":"Chemise en coton Primark pour gar\u00e7on"},"content":{"rendered":"<p>Chemise en coton Primark pour gar\u00e7on. Taille 1 \u00e0 3 ans<\/p>\n","protected":false},"excerpt":{"rendered":"<p>Chemise en coton Primark pour gar\u00e7on. Taille 1 \u00e0 3 ans. Tr\u00e8s confortable.<\/p>\n","protected":false},"featured_media":607,"comment_status":"open","ping_status":"closed","template":"","meta":[],"yoast_head":"<!-- This site is optimized with the Yoast SEO plugin v15.6.2 - https:\/\/yoast.com\/wordpress\/plugins\/seo\/ -->\n<title>Chemise en coton Primark pour gar\u00e7on - MAYVANN Boutique<\/title>\n<meta name=\"description\" content=\"Chemise en coton Primark pour gar\u00e7on. Taille 1 \u00e0 3 ans. Tr\u00e8s confortable. Commandez d\u00e8s maintenant dans notre boutique \u00e0 Dakar, S\u00e9n\u00e9gal.\" \/>\n<meta name=\"robots\" content=\"index, follow, max-snippet:-1, max-image-preview:large, max-video-preview:-1\" \/>\n<link rel=\"canonical\" href=\"https:\/\/presencedigitalepourtous.com\/mayvannboutique\/product\/chemise-en-coton-primark-pour-garcon\/\" \/>\n<meta property=\"og:locale\" content=\"fr_FR\" \/>\n<meta property=\"og:type\" content=\"article\" \/>\n<meta property=\"og:title\" content=\"Chemise en coton Primark pour gar\u00e7on - MAYVANN Boutique\" \/>\n<meta property=\"og:description\" content=\"Chemise en coton Primark pour gar\u00e7on. Taille 1 \u00e0 3 ans. Tr\u00e8s confortable. Commandez d\u00e8s maintenant dans notre boutique \u00e0 Dakar, S\u00e9n\u00e9gal.\" \/>\n<meta property=\"og:url\" content=\"https:\/\/presencedigitalepourtous.com\/mayvannboutique\/product\/chemise-en-coton-primark-pour-garcon\/\" \/>\n<meta property=\"og:site_name\" content=\"MAYVANN Boutique\" \/>\n<meta property=\"article:modified_time\" content=\"2019-04-10T13:22:20+00:00\" \/>\n<meta property=\"og:image\" content=\"https:\/\/presencedigitalepourtous.com\/mayvannboutique\/wp-content\/uploads\/2018\/10\/chemise-garcon-2.jpg\" \/>\n\t<meta property=\"og:image:width\" content=\"607\" \/>\n\t<meta property=\"og:image:height\" content=\"1080\" \/>\n<meta name=\"twitter:card\" content=\"summary_large_image\" \/>\n<script type=\"application\/ld+json\" class=\"yoast-schema-graph\">{\"@context\":\"https:\/\/schema.org\",\"@graph\":[{\"@type\":\"WebSite\",\"@id\":\"https:\/\/presencedigitalepourtous.com\/mayvannboutique\/#website\",\"url\":\"https:\/\/presencedigitalepourtous.com\/mayvannboutique\/\",\"name\":\"MAYVANN Boutique\",\"description\":\"Vente de v\\u00eatements pour B\\u00e9b\\u00e9s et Enfants - Dakar\",\"potentialAction\":[{\"@type\":\"SearchAction\",\"target\":\"https:\/\/presencedigitalepourtous.com\/mayvannboutique\/?s={search_term_string}\",\"query-input\":\"required name=search_term_string\"}],\"inLanguage\":\"fr-FR\"},{\"@type\":\"ImageObject\",\"@id\":\"https:\/\/presencedigitalepourtous.com\/mayvannboutique\/product\/chemise-en-coton-primark-pour-garcon\/#primaryimage\",\"inLanguage\":\"fr-FR\",\"url\":\"https:\/\/presencedigitalepourtous.com\/mayvannboutique\/wp-content\/uploads\/2018\/10\/chemise-garcon-2.jpg\",\"width\":607,\"height\":1080},{\"@type\":\"WebPage\",\"@id\":\"https:\/\/presencedigitalepourtous.com\/mayvannboutique\/product\/chemise-en-coton-primark-pour-garcon\/#webpage\",\"url\":\"https:\/\/presencedigitalepourtous.com\/mayvannboutique\/product\/chemise-en-coton-primark-pour-garcon\/\",\"name\":\"Chemise en coton Primark pour gar\\u00e7on - MAYVANN Boutique\",\"isPartOf\":{\"@id\":\"https:\/\/presencedigitalepourtous.com\/mayvannboutique\/#website\"},\"primaryImageOfPage\":{\"@id\":\"https:\/\/presencedigitalepourtous.com\/mayvannboutique\/product\/chemise-en-coton-primark-pour-garcon\/#primaryimage\"},\"datePublished\":\"2018-10-03T15:32:28+00:00\",\"dateModified\":\"2019-04-10T13:22:20+00:00\",\"description\":\"Chemise en coton Primark pour gar\\u00e7on. Taille 1 \\u00e0 3 ans. Tr\\u00e8s confortable. Commandez d\\u00e8s maintenant dans notre boutique \\u00e0 Dakar, S\\u00e9n\\u00e9gal.\",\"inLanguage\":\"fr-FR\",\"potentialAction\":[{\"@type\":\"ReadAction\",\"target\":[\"https:\/\/presencedigitalepourtous.com\/mayvannboutique\/product\/chemise-en-coton-primark-pour-garcon\/\"]}]}]}<\/script>\n<!-- \/ Yoast SEO plugin. -->","_links":{"self":[{"href":"https:\/\/presencedigitalepourtous.com\/mayvannboutique\/wp-json\/wp\/v2\/product\/609"}],"collection":[{"href":"https:\/\/presencedigitalepourtous.com\/mayvannboutique\/wp-json\/wp\/v2\/product"}],"about":[{"href":"https:\/\/presencedigitalepourtous.com\/mayvannboutique\/wp-json\/wp\/v2\/types\/product"}],"replies":[{"embeddable":true,"href":"https:\/\/presencedigitalepourtous.com\/mayvannboutique\/wp-json\/wp\/v2\/comments?post=609"}],"wp:featuredmedia":[{"embeddable":true,"href":"https:\/\/presencedigitalepourtous.com\/mayvannboutique\/wp-json\/wp\/v2\/media\/607"}],"wp:attachment":[{"href":"https:\/\/presencedigitalepourtous.com\/mayvannboutique\/wp-json\/wp\/v2\/media?parent=609"}],"curies":[{"name":"wp","href":"https:\/\/api.w.org\/{rel}","templated":true}]}}