{"id":77,"date":"2019-02-28T10:42:34","date_gmt":"2019-02-28T10:42:34","guid":{"rendered":"https:\/\/presencedigitalepourtous.com\/blog\/?page_id=77"},"modified":"2019-03-29T10:28:19","modified_gmt":"2019-03-29T10:28:19","slug":"e-books","status":"publish","type":"page","link":"https:\/\/presencedigitalepourtous.com\/blog\/e-books\/","title":{"rendered":"E-BOOKs sur le Digital"},"content":{"rendered":"\n<h2>Trouvez ici nos E-BOOKs sur le DIGITAL qui vont vous permettre de booster votre business<\/h2>\n\n\n\n<p class=\"has-medium-font-size\"><strong>Pour voir les d\u00e9tails veuillez cliquer sur les images en bas.<\/strong><\/p>\n\n\n\n<table id=\"tablepress-1\" class=\"tablepress tablepress-id-1\">\n<tbody class=\"row-hover\">\n<tr class=\"row-1 odd\">\n\t<td class=\"column-1\"><a href=\"https:\/\/presencedigitalepourtous.com\/ebook-comment-vendre-plus-avec-facebook-les-meilleures-methodes-de-promotion-facebook\/\"><img src=\"https:\/\/presencedigitalepourtous.com\/blog\/wp-content\/uploads\/2019\/02\/E-BOOK-Facebook-Marketing-cover.fw_-197x300.png\" alt=\"\" width=\"197\" height=\"300\" class=\"alignnone size-full wp-image-8\" \/><\/a><\/td><td class=\"column-2\"><a href=\"https:\/\/presencedigitalepourtous.com\/e-book-4-conseils-pour-ameliorer-la-visibilite-de-votre-page-facebook\/\"><img src=\"https:\/\/presencedigitalepourtous.com\/blog\/wp-content\/uploads\/2019\/02\/4conseils-1-273x300.png\" alt=\"\" width=\"273\" height=\"300\" class=\"alignnone size-full wp-image-9\" \/><\/a><\/td>\n<\/tr>\n<tr class=\"row-2 even\">\n\t<td class=\"column-1\"><a href=\"https:\/\/presencedigitalepourtous.com\/ebook-comment-vendre-plus-avec-facebook-les-meilleures-methodes-de-promotion-facebook\/\">E-BOOK \"Comment Vendre plus sur Facebook - Les meilleures m\u00e9thodes de promotion Facebook\"<\/a><br \/>\nPrix: 3 930 FCFA (5.99 EUROS)<\/td><td class=\"column-2\"><a href=\"https:\/\/presencedigitalepourtous.com\/e-book-4-conseils-pour-ameliorer-la-visibilite-de-votre-page-facebook\/\">E-BOOK: \"4 conseils pour am\u00e9liorer la visibilit\u00e9 de votre page Facebook\"<\/a><br \/>\nPrix:  650 FCFA (0.99 EUROS)<\/td>\n<\/tr>\n<\/tbody>\n<\/table>\n<!-- #tablepress-1 from cache -->\n\n\n\n<p><strong>Moyens de paiement disponibles<\/strong> pour commander ces e-books : Paypal, Orange Money (C\u00f4te d&#8217;Ivoire, S\u00e9n\u00e9gal), Flooz (Togo), MTN Mobile Money (B\u00e9nin, C\u00f4te d&#8217;ivoire, Niger, Burkina Faso).<\/p>\n\n\n\n<p>Si vous avez besoin de plus d&#8217;information, veuillez nous <a href=\"https:\/\/presencedigitalepourtous.com\/blog\/contact\/\">contacter ici<\/a><\/p>\n","protected":false},"excerpt":{"rendered":"<p>Trouvez ici nos E-BOOKs sur le DIGITAL qui vont vous permettre de booster votre business Pour voir les d\u00e9tails veuillez cliquer sur les images en bas. Moyens de paiement disponibles pour commander ces e-books : Paypal, Orange Money (C\u00f4te d&#8217;Ivoire, S\u00e9n\u00e9gal), Flooz (Togo), MTN Mobile Money (B\u00e9nin, C\u00f4te d&#8217;ivoire, Niger, Burkina Faso). Si vous avez [&hellip;]<\/p>\n","protected":false},"author":1,"featured_media":0,"parent":0,"menu_order":0,"comment_status":"closed","ping_status":"closed","template":"","meta":[],"yoast_head":"<!-- This site is optimized with the Yoast SEO plugin v15.2.1 - https:\/\/yoast.com\/wordpress\/plugins\/seo\/ -->\n<title>E-BOOKs sur le Digital - Blog de PresenceDigitalePourTous<\/title>\n<meta name=\"description\" content=\"Trouvez ici nos E-BOOKs sur le DIGITAL qui vont vous permettre de booster votre business. Cliquez sur les images pour plus de d\u00e9tail.\" \/>\n<meta name=\"robots\" content=\"index, follow, max-snippet:-1, max-image-preview:large, max-video-preview:-1\" \/>\n<link rel=\"canonical\" href=\"https:\/\/presencedigitalepourtous.com\/blog\/e-books\/\" \/>\n<meta property=\"og:locale\" content=\"fr_FR\" \/>\n<meta property=\"og:type\" content=\"article\" \/>\n<meta property=\"og:title\" content=\"E-BOOKs sur le Digital - Blog de PresenceDigitalePourTous\" \/>\n<meta property=\"og:description\" content=\"Trouvez ici nos E-BOOKs sur le DIGITAL qui vont vous permettre de booster votre business. Cliquez sur les images pour plus de d\u00e9tail.\" \/>\n<meta property=\"og:url\" content=\"https:\/\/presencedigitalepourtous.com\/blog\/e-books\/\" \/>\n<meta property=\"og:site_name\" content=\"Blog de PresenceDigitalePourTous\" \/>\n<meta property=\"article:publisher\" content=\"https:\/\/facebook.com\/presencedigitalepourtous\" \/>\n<meta property=\"article:author\" content=\"https:\/\/facebook.com\/presencedigitalepourtous\/\" \/>\n<meta property=\"article:modified_time\" content=\"2019-03-29T10:28:19+00:00\" \/>\n<meta name=\"twitter:card\" content=\"summary_large_image\" \/>\n<meta name=\"twitter:label1\" content=\"\u00c9crit par\">\n\t<meta name=\"twitter:data1\" content=\"Pr\u00e9sence Digitale\">\n\t<meta name=\"twitter:label2\" content=\"Dur\u00e9e de lecture est.\">\n\t<meta name=\"twitter:data2\" content=\"0 minute\">\n<script type=\"application\/ld+json\" class=\"yoast-schema-graph\">{\"@context\":\"https:\/\/schema.org\",\"@graph\":[{\"@type\":\"Organization\",\"@id\":\"https:\/\/presencedigitalepourtous.com\/blog\/#organization\",\"name\":\"Pr\\u00e9sence Digitale Pour Tous\",\"url\":\"https:\/\/presencedigitalepourtous.com\/blog\/\",\"sameAs\":[\"https:\/\/facebook.com\/presencedigitalepourtous\",\"https:\/\/instagram\/presencedigitale\"],\"logo\":{\"@type\":\"ImageObject\",\"@id\":\"https:\/\/presencedigitalepourtous.com\/blog\/#logo\",\"inLanguage\":\"fr-FR\",\"url\":\"https:\/\/presencedigitalepourtous.com\/blog\/wp-content\/uploads\/2019\/02\/LOGOPDFPetit.fw_.png\",\"width\":182,\"height\":80,\"caption\":\"Pr\\u00e9sence Digitale Pour Tous\"},\"image\":{\"@id\":\"https:\/\/presencedigitalepourtous.com\/blog\/#logo\"}},{\"@type\":\"WebSite\",\"@id\":\"https:\/\/presencedigitalepourtous.com\/blog\/#website\",\"url\":\"https:\/\/presencedigitalepourtous.com\/blog\/\",\"name\":\"Blog de PresenceDigitalePourTous\",\"description\":\"Attirer plus de clients et Vendre plus en utilisant le DIGITAL\",\"publisher\":{\"@id\":\"https:\/\/presencedigitalepourtous.com\/blog\/#organization\"},\"potentialAction\":[{\"@type\":\"SearchAction\",\"target\":\"https:\/\/presencedigitalepourtous.com\/blog\/?s={search_term_string}\",\"query-input\":\"required name=search_term_string\"}],\"inLanguage\":\"fr-FR\"},{\"@type\":\"WebPage\",\"@id\":\"https:\/\/presencedigitalepourtous.com\/blog\/e-books\/#webpage\",\"url\":\"https:\/\/presencedigitalepourtous.com\/blog\/e-books\/\",\"name\":\"E-BOOKs sur le Digital - Blog de PresenceDigitalePourTous\",\"isPartOf\":{\"@id\":\"https:\/\/presencedigitalepourtous.com\/blog\/#website\"},\"datePublished\":\"2019-02-28T10:42:34+00:00\",\"dateModified\":\"2019-03-29T10:28:19+00:00\",\"description\":\"Trouvez ici nos E-BOOKs sur le DIGITAL qui vont vous permettre de booster votre business. Cliquez sur les images pour plus de d\\u00e9tail.\",\"inLanguage\":\"fr-FR\",\"potentialAction\":[{\"@type\":\"ReadAction\",\"target\":[\"https:\/\/presencedigitalepourtous.com\/blog\/e-books\/\"]}]}]}<\/script>\n<!-- \/ Yoast SEO plugin. -->","_links":{"self":[{"href":"https:\/\/presencedigitalepourtous.com\/blog\/wp-json\/wp\/v2\/pages\/77"}],"collection":[{"href":"https:\/\/presencedigitalepourtous.com\/blog\/wp-json\/wp\/v2\/pages"}],"about":[{"href":"https:\/\/presencedigitalepourtous.com\/blog\/wp-json\/wp\/v2\/types\/page"}],"author":[{"embeddable":true,"href":"https:\/\/presencedigitalepourtous.com\/blog\/wp-json\/wp\/v2\/users\/1"}],"replies":[{"embeddable":true,"href":"https:\/\/presencedigitalepourtous.com\/blog\/wp-json\/wp\/v2\/comments?post=77"}],"version-history":[{"count":19,"href":"https:\/\/presencedigitalepourtous.com\/blog\/wp-json\/wp\/v2\/pages\/77\/revisions"}],"predecessor-version":[{"id":203,"href":"https:\/\/presencedigitalepourtous.com\/blog\/wp-json\/wp\/v2\/pages\/77\/revisions\/203"}],"wp:attachment":[{"href":"https:\/\/presencedigitalepourtous.com\/blog\/wp-json\/wp\/v2\/media?parent=77"}],"curies":[{"name":"wp","href":"https:\/\/api.w.org\/{rel}","templated":true}]}}