{"id":16,"date":"2019-02-28T08:41:28","date_gmt":"2019-02-28T08:41:28","guid":{"rendered":"https:\/\/presencedigitalepourtous.com\/blog\/?page_id=16"},"modified":"2019-05-14T07:32:35","modified_gmt":"2019-05-14T07:32:35","slug":"a-propos-presence-digitale-pour-tous","status":"publish","type":"page","link":"https:\/\/presencedigitalepourtous.com\/blog\/a-propos-presence-digitale-pour-tous\/","title":{"rendered":"A Propos de Pr\u00e9sence Digitale Pour Tous"},"content":{"rendered":"\n<p class=\"has-medium-font-size\"><strong>Micro Entreprises, Petites Entreprises, Consultants, Freelances&#8230; CECI EST POUR VOUS!  Tirez grand profit du DIGITAL pour d\u00e9velopper votre Business. <\/strong><\/p>\n\n\n\n<p> Les consommateurs recherchent des entreprises et des produits en ligne, g\u00e9n\u00e9ralement sur leur t\u00e9l\u00e9phone lorsqu&#8217;ils sont en d\u00e9placement. <\/p>\n\n\n\n<p><strong>Il est donc important que votre entreprise apparaisse en ligne lorsque quelqu&#8217;un recherche vos produits et services<\/strong>. <\/p>\n\n\n\n<p> Pour vous aider \u00e0 naviguer dans cette t\u00e2che de grande envergure, suivez nos \u00e9tapes simples et faciles \u00e0 r\u00e9aliser pour rendre votre pr\u00e9sence digitale g\u00e9rable et r\u00e9ussie afin que vous puissiez vous concentrer sur la vente de vos produits\/service et la gestion de votre entreprise. <\/p>\n\n\n\n<p> <strong>Pour b\u00e9n\u00e9ficier de tout ceci d\u00e8s maintenant CLIQUEZ ICI &gt;&gt;<\/strong> <a rel=\"noreferrer noopener\" href=\"https:\/\/presencedigitalepourtous.com\/?fbclid=IwAR1pwv-p4SnAwo0yQAv0NB6cVRG7vhAiz31XaVBtcUBfSyyXYGk_DBQsgcI\" target=\"_blank\">https:\/\/presencedigitalepourtous.com<\/a><\/p>\n\n\n\n<p> Pour r\u00e9sumer, en vous abonnant vous b\u00e9n\u00e9ficierez des avantages suivants :<\/p>\n\n\n\n<p>1. <strong>Vous aurez PLUS de clients<\/strong>, et <strong>vous vendrez plus<\/strong> FACILEMENT<\/p>\n\n\n\n<p>2. <strong>Vous vous ferez conna\u00eetre<\/strong> et <strong>aurez de la notori\u00e9t\u00e9<\/strong> dans votre domaine d&#8217;activit\u00e9<\/p>\n\n\n\n<p>3. <strong>Vous aurez un entonnoir de ventes<\/strong> qui va inciter syst\u00e9matiquement les prospects et clients \u00e0 commander vos produits et services<\/p>\n\n\n\n<p>4. <strong>Z\u00c9RO RISQUE<\/strong>: Garantie de remboursement si vous n&#8217;\u00eates pas satisfait.<\/p>\n\n\n\n<p><strong>Abonnez-vous maintenant en cliquant ici &gt;&gt;<\/strong> <a rel=\"noreferrer noopener\" href=\"https:\/\/l.facebook.com\/l.php?u=https%3A%2F%2Fpresencedigitalepourtous.com%2F%3Ffbclid%3DIwAR1ZaeJm0M_gFRqNCVq0nmQeX806HmZ_MXosE6gDbcih4KXuEEV7gIJ5dk0&amp;h=AT0GVkP9QnWw3jnIEhfnKqWD7DtahOxYM6D53iESi-_EACnE2nTA3zy7UoisZzLQmKLqLEG2X2EV0ffitG7MyZLvvklE3phick4WjL1XqYv19NeCGwAzWVGC889dFRHTg4O9\" target=\"_blank\">https:\/\/presencedigitalepourtous.com\/<\/a><\/p>\n\n\n\n<p>IMPORTANT: Nous offrons une s\u00e9ance personnalis\u00e9e avec tous ceux qui d\u00e9sirent, en vue de parler avec eux de leurs probl\u00e9matiques concernant leur Business sur Internet. Si vous souhaitez discuter avec nous, nous vous prions de <a href=\"https:\/\/presencedigitalepourtous.com\/blog\/demande-de-rdv\/\">cliquer ICI<\/a>.<\/p>\n\n\n\n<p>&#8211;<\/p>\n\n\n\n<figure class=\"wp-block-image\"><a href=\"https:\/\/presencedigitalepourtous.com\/ebook-comment-vendre-plus-avec-facebook-les-meilleures-methodes-de-promotion-facebook\/\"><img loading=\"lazy\" width=\"540\" height=\"540\" src=\"https:\/\/presencedigitalepourtous.com\/blog\/wp-content\/uploads\/2019\/03\/VendrePlusAvecFacebook.jpg\" alt=\"Comment vendre plus sur Facebook.\" class=\"wp-image-172\" srcset=\"https:\/\/presencedigitalepourtous.com\/blog\/wp-content\/uploads\/2019\/03\/VendrePlusAvecFacebook.jpg 540w, https:\/\/presencedigitalepourtous.com\/blog\/wp-content\/uploads\/2019\/03\/VendrePlusAvecFacebook-150x150.jpg 150w, https:\/\/presencedigitalepourtous.com\/blog\/wp-content\/uploads\/2019\/03\/VendrePlusAvecFacebook-300x300.jpg 300w, https:\/\/presencedigitalepourtous.com\/blog\/wp-content\/uploads\/2019\/03\/VendrePlusAvecFacebook-60x60.jpg 60w\" sizes=\"(max-width: 540px) 100vw, 540px\" \/><\/a><\/figure>\n\n\n\n<p>&#8211;<\/p>\n\n\n\n<div align=\"center\">\n<script async src=\"\/\/pagead2.googlesyndication.com\/pagead\/js\/adsbygoogle.js\"><\/script>\n<!-- MErci Page -->\n<ins class=\"adsbygoogle\"\n     style=\"display:inline-block;width:468px;height:60px\"\n     data-ad-client=\"ca-pub-5243879279989163\"\n     data-ad-slot=\"1803313013\"><\/ins>\n<script>\n(adsbygoogle = window.adsbygoogle || []).push({});\n<\/script>\n<\/div> \n","protected":false},"excerpt":{"rendered":"<p>Micro Entreprises, Petites Entreprises, Consultants, Freelances&#8230; CECI EST POUR VOUS! Tirez grand profit du DIGITAL pour d\u00e9velopper votre Business. Les consommateurs recherchent des entreprises et des produits en ligne, g\u00e9n\u00e9ralement sur leur t\u00e9l\u00e9phone lorsqu&#8217;ils sont en d\u00e9placement. Il est donc important que votre entreprise apparaisse en ligne lorsque quelqu&#8217;un recherche vos produits et services. Pour [&hellip;]<\/p>\n","protected":false},"author":1,"featured_media":56,"parent":0,"menu_order":0,"comment_status":"closed","ping_status":"closed","template":"","meta":[],"yoast_head":"<!-- This site is optimized with the Yoast SEO plugin v15.2.1 - https:\/\/yoast.com\/wordpress\/plugins\/seo\/ -->\n<title>A Propos de Pr\u00e9sence Digitale Pour Tous - Blog de PresenceDigitalePourTous<\/title>\n<meta name=\"description\" content=\"Micro Entreprises, Petites Entreprises, Consultants, Freelances... CECI EST POUR VOUS! Tirez grand profit du DIGITAL pour d\u00e9velopper votre Business.\" \/>\n<meta name=\"robots\" content=\"index, follow, max-snippet:-1, max-image-preview:large, max-video-preview:-1\" \/>\n<link rel=\"canonical\" href=\"https:\/\/presencedigitalepourtous.com\/blog\/a-propos-presence-digitale-pour-tous\/\" \/>\n<meta property=\"og:locale\" content=\"fr_FR\" \/>\n<meta property=\"og:type\" content=\"article\" \/>\n<meta property=\"og:title\" content=\"A Propos de Pr\u00e9sence Digitale Pour Tous - Blog de PresenceDigitalePourTous\" \/>\n<meta property=\"og:description\" content=\"Micro Entreprises, Petites Entreprises, Consultants, Freelances... CECI EST POUR VOUS! Tirez grand profit du DIGITAL pour d\u00e9velopper votre Business.\" \/>\n<meta property=\"og:url\" content=\"https:\/\/presencedigitalepourtous.com\/blog\/a-propos-presence-digitale-pour-tous\/\" \/>\n<meta property=\"og:site_name\" content=\"Blog de PresenceDigitalePourTous\" \/>\n<meta property=\"article:publisher\" content=\"https:\/\/facebook.com\/presencedigitalepourtous\" \/>\n<meta property=\"article:author\" content=\"https:\/\/facebook.com\/presencedigitalepourtous\/\" \/>\n<meta property=\"article:modified_time\" content=\"2019-05-14T07:32:35+00:00\" \/>\n<meta property=\"og:image\" content=\"https:\/\/presencedigitalepourtous.com\/blog\/wp-content\/uploads\/2019\/02\/LOGOPDF.png\" \/>\n\t<meta property=\"og:image:width\" content=\"706\" \/>\n\t<meta property=\"og:image:height\" content=\"310\" \/>\n<meta name=\"twitter:card\" content=\"summary_large_image\" \/>\n<meta name=\"twitter:label1\" content=\"\u00c9crit par\">\n\t<meta name=\"twitter:data1\" content=\"Pr\u00e9sence Digitale\">\n\t<meta name=\"twitter:label2\" content=\"Dur\u00e9e de lecture est.\">\n\t<meta name=\"twitter:data2\" content=\"1 minute\">\n<script type=\"application\/ld+json\" class=\"yoast-schema-graph\">{\"@context\":\"https:\/\/schema.org\",\"@graph\":[{\"@type\":\"Organization\",\"@id\":\"https:\/\/presencedigitalepourtous.com\/blog\/#organization\",\"name\":\"Pr\\u00e9sence Digitale Pour Tous\",\"url\":\"https:\/\/presencedigitalepourtous.com\/blog\/\",\"sameAs\":[\"https:\/\/facebook.com\/presencedigitalepourtous\",\"https:\/\/instagram\/presencedigitale\"],\"logo\":{\"@type\":\"ImageObject\",\"@id\":\"https:\/\/presencedigitalepourtous.com\/blog\/#logo\",\"inLanguage\":\"fr-FR\",\"url\":\"https:\/\/presencedigitalepourtous.com\/blog\/wp-content\/uploads\/2019\/02\/LOGOPDFPetit.fw_.png\",\"width\":182,\"height\":80,\"caption\":\"Pr\\u00e9sence Digitale Pour Tous\"},\"image\":{\"@id\":\"https:\/\/presencedigitalepourtous.com\/blog\/#logo\"}},{\"@type\":\"WebSite\",\"@id\":\"https:\/\/presencedigitalepourtous.com\/blog\/#website\",\"url\":\"https:\/\/presencedigitalepourtous.com\/blog\/\",\"name\":\"Blog de PresenceDigitalePourTous\",\"description\":\"Attirer plus de clients et Vendre plus en utilisant le DIGITAL\",\"publisher\":{\"@id\":\"https:\/\/presencedigitalepourtous.com\/blog\/#organization\"},\"potentialAction\":[{\"@type\":\"SearchAction\",\"target\":\"https:\/\/presencedigitalepourtous.com\/blog\/?s={search_term_string}\",\"query-input\":\"required name=search_term_string\"}],\"inLanguage\":\"fr-FR\"},{\"@type\":\"ImageObject\",\"@id\":\"https:\/\/presencedigitalepourtous.com\/blog\/a-propos-presence-digitale-pour-tous\/#primaryimage\",\"inLanguage\":\"fr-FR\",\"url\":\"https:\/\/presencedigitalepourtous.com\/blog\/wp-content\/uploads\/2019\/02\/LOGOPDF.png\",\"width\":706,\"height\":310},{\"@type\":\"WebPage\",\"@id\":\"https:\/\/presencedigitalepourtous.com\/blog\/a-propos-presence-digitale-pour-tous\/#webpage\",\"url\":\"https:\/\/presencedigitalepourtous.com\/blog\/a-propos-presence-digitale-pour-tous\/\",\"name\":\"A Propos de Pr\\u00e9sence Digitale Pour Tous - Blog de PresenceDigitalePourTous\",\"isPartOf\":{\"@id\":\"https:\/\/presencedigitalepourtous.com\/blog\/#website\"},\"primaryImageOfPage\":{\"@id\":\"https:\/\/presencedigitalepourtous.com\/blog\/a-propos-presence-digitale-pour-tous\/#primaryimage\"},\"datePublished\":\"2019-02-28T08:41:28+00:00\",\"dateModified\":\"2019-05-14T07:32:35+00:00\",\"description\":\"Micro Entreprises, Petites Entreprises, Consultants, Freelances... CECI EST POUR VOUS! Tirez grand profit du DIGITAL pour d\\u00e9velopper votre Business.\",\"inLanguage\":\"fr-FR\",\"potentialAction\":[{\"@type\":\"ReadAction\",\"target\":[\"https:\/\/presencedigitalepourtous.com\/blog\/a-propos-presence-digitale-pour-tous\/\"]}]}]}<\/script>\n<!-- \/ Yoast SEO plugin. -->","_links":{"self":[{"href":"https:\/\/presencedigitalepourtous.com\/blog\/wp-json\/wp\/v2\/pages\/16"}],"collection":[{"href":"https:\/\/presencedigitalepourtous.com\/blog\/wp-json\/wp\/v2\/pages"}],"about":[{"href":"https:\/\/presencedigitalepourtous.com\/blog\/wp-json\/wp\/v2\/types\/page"}],"author":[{"embeddable":true,"href":"https:\/\/presencedigitalepourtous.com\/blog\/wp-json\/wp\/v2\/users\/1"}],"replies":[{"embeddable":true,"href":"https:\/\/presencedigitalepourtous.com\/blog\/wp-json\/wp\/v2\/comments?post=16"}],"version-history":[{"count":11,"href":"https:\/\/presencedigitalepourtous.com\/blog\/wp-json\/wp\/v2\/pages\/16\/revisions"}],"predecessor-version":[{"id":217,"href":"https:\/\/presencedigitalepourtous.com\/blog\/wp-json\/wp\/v2\/pages\/16\/revisions\/217"}],"wp:featuredmedia":[{"embeddable":true,"href":"https:\/\/presencedigitalepourtous.com\/blog\/wp-json\/wp\/v2\/media\/56"}],"wp:attachment":[{"href":"https:\/\/presencedigitalepourtous.com\/blog\/wp-json\/wp\/v2\/media?parent=16"}],"curies":[{"name":"wp","href":"https:\/\/api.w.org\/{rel}","templated":true}]}}