{"id":137,"date":"2019-03-14T15:53:37","date_gmt":"2019-03-14T15:53:37","guid":{"rendered":"https:\/\/presencedigitalepourtous.com\/blog\/?page_id=137"},"modified":"2019-03-14T22:44:10","modified_gmt":"2019-03-14T22:44:10","slug":"demande-de-rdv","status":"publish","type":"page","link":"https:\/\/presencedigitalepourtous.com\/blog\/demande-de-rdv\/","title":{"rendered":"Demande de RDV &#8211; R\u00e9servation"},"content":{"rendered":"\n<p>Chaque vendredi de la semaine, nous consacrons 30 mn d&#8217;appel par Whatsapp avec nos clients, abonn\u00e9s, prospects&#8230; <\/p>\n\n\n\n<p>Si vous d\u00e9sirez \u00e9changer avec nous, vous \u00eates le bienvenu. Vous pouvez solliciter aupr\u00e8s de nous une s\u00e9ance pour discuter de vos attentes, challenges, besoins etc&#8230; Cette s\u00e9ance se fera  exclusivement  via Whatsapp appel pour une dur\u00e9e de 30 mn au maximum. Cela est enti\u00e8rement <strong>GRATUIT<\/strong>!<\/p>\n\n\n\n<p><strong>Afin de r\u00e9server votre jour, veuillez choisir une date dans le calendrier (nous sommes disponible tous les vendredis), ensuite veuillez remplir tous les champs du formulaire ci-dessous. <\/strong><\/p>\n\n\n\n<div class=\"wp-block-booking-booking\"> <div id=\"form_id1691225050332\" class=\"wpdevelop\"><form  id=\"booking_form1\"   class=\"booking_form vertical\" method=\"post\" action=\"\"><div id=\"ajax_respond_insert1\" class=\"ajax_respond_insert\" style=\"display:none;\"><\/div><a name=\"bklnk1\" id=\"bklnk1\"><\/a><div id=\"booking_form_div1\" class=\"booking_form_div\"><div class=\"wpbc_booking_form_structure wpbc_vertical\">\n  <div class=\"wpbc_structure_calendar\">\n    <div class=\"bk_calendar_frame months_num_in_row_ cal_month_num_2 wpbc_timeslot_day_bg_as_available\" style=\"width:568px;\"><div id=\"calendar_booking1\">Chargement du calendrier...<\/div><\/div><div style=\"font-size:9px;text-align:left;margin-top:3px;\">Powered by <a style=\"font-size:9px;\" href=\"https:\/\/wpbookingcalendar.com\" target=\"_blank\" title=\"Booking Calendar plugin for WordPress\">Booking Calendar<\/a><\/div><textarea id=\"date_booking1\" name=\"date_booking1\" autocomplete=\"off\" style=\"display:none;\"><\/textarea><div class=\"block_hints datepick\"><div class=\"wpdev_hint_with_text\"><div class=\"block_free datepick-days-cell\"><a>&nbsp;<\/a><\/div><div class=\"block_text\">- Disponible<\/div><\/div><div class=\"wpdev_hint_with_text\"><div class=\"block_booked date_approved\">&nbsp;<\/div><div class=\"block_text\">- R\u00e9serv\u00e9<\/div><\/div><div class=\"wpdev_hint_with_text\"><div class=\"block_pending date2approve\">&nbsp;<\/div><div class=\"block_text\">- En attente<\/div><\/div><\/div><div class=\"wpdev_clear_hint\"><\/div>\n  <\/div>\n  <div class=\"wpbc_structure_form\">\n  <div class=\"form-group\">  <label for=\"rangetime1\" class=\"control-label\">Tranches horaires*:<\/label>   <div class=\"controls\">   <select name=\"rangetime1\" id=\"rangetime1\" class=\"input-xlarge wpdev-validates-as-required\" >  <option value=\"15:00 - 15:30\">15:00 - 15:30<\/option>     <\/select><\/div><\/div>  <div class=\"form-group\">  <label for=\"name1\" class=\"control-label\">Votre pr\u00e9nom*:<\/label>   <div class=\"controls\">   <input type=\"text\" name=\"name1\" id=\"name1\" class=\"input-xlarge wpdev-validates-as-required\" \/><\/div><\/div>  <div class=\"form-group\">  <label for=\"secondname1\" class=\"control-label\">Votre nom*:<\/label>   <div class=\"controls\">   <input type=\"text\" name=\"secondname1\" id=\"secondname1\" class=\"input-xlarge wpdev-validates-as-required\" \/><\/div><\/div>  <div class=\"form-group\">  <label for=\"email1\" class=\"control-label\">Votre Email*:<\/label>   <div class=\"controls\">   <input type=\"text\" name=\"email1\" id=\"email1\" class=\"input-xlarge wpdev-validates-as-email wpdev-validates-as-required wpdev-validates-as-required\" \/><\/div><\/div>  <div class=\"form-group\">  <label for=\"activity1\" class=\"control-label\">Votre domaine d'activit\u00e9*:<\/label>   <div class=\"controls\">   <textarea  rows=\"3\" name=\"activity1\" id=\"activity1\" class=\"input-xlarge wpdev-validates-as-required\" ><\/textarea><\/div><\/div>  <div class=\"form-group\">  <label for=\"phone1\" class=\"control-label\">Votre Mobile (avec indicatif)*:<\/label>   <div class=\"controls\">   <input type=\"text\" name=\"phone1\" id=\"phone1\" class=\"input-xlarge wpdev-validates-as-required\" \/><\/div><\/div>  <div class=\"form-group\">  <label for=\"details1\" class=\"control-label\">De quoi souhaiteriez-vous discutez avec nous ?*:<\/label>   <div class=\"controls\">   <textarea  rows=\"3\" name=\"details1\" id=\"details1\" class=\"input-xlarge wpdev-validates-as-required\" ><\/textarea><\/div><\/div><div class=\"form-group\"><input  autocomplete=\"off\" type=\"hidden\" name=\"wpdev_captcha_challenge_1\"  id=\"wpdev_captcha_challenge_1\" value=\"115469582\" \/><input  autocomplete=\"off\" type=\"text\" class=\"captachinput\" value=\"\" name=\"captcha_input1\" id=\"captcha_input1\" \/><img class=\"captcha_img\"  id=\"captcha_img1\" alt=\"captcha\" src=\"https:\/\/presencedigitalepourtous.com\/blog\/wp-content\/plugins\/booking\/js\/captcha\/tmp\/115469582.png\" \/><span id=\"captcha_msg1\" class=\"wpdev-help-message\" ><\/span><\/div>\n<div class=\"form-group\"><button class=\"btn btn-default\" type=\"button\" onclick=\"mybooking_submit(this.form,1,'fr_FR');\" >Envoyer<\/button><\/div>\n  <\/div>\n<\/div>\n<div class=\"wpbc_booking_form_footer\"><\/div><input id=\"bk_type1\" name=\"bk_type1\" class=\"\" type=\"hidden\" value=\"1\" \/><\/div><div id=\"submiting1\"><\/div><div class=\"form_bk_messages\" id=\"form_bk_messages1\" ><\/div><input type=\"hidden\" id=\"wpbc_nonce1\" name=\"wpbc_nonce1\" value=\"0ac7b1a613\" \/><input type=\"hidden\" name=\"_wp_http_referer\" value=\"\/blog\/wp-json\/wp\/v2\/pages\/137\" \/><input type=\"hidden\" id=\"wpbc_nonceCALCULATE_THE_COST1\" name=\"wpbc_nonceCALCULATE_THE_COST1\" value=\"ac54111770\" \/><input type=\"hidden\" name=\"_wp_http_referer\" value=\"\/blog\/wp-json\/wp\/v2\/pages\/137\" \/><\/form><\/div><div id=\"booking_form_garbage1\" class=\"booking_form_garbage\"><\/div><script type=\"text\/javascript\">\n                                jQuery(document).ready( function(){\n                                    jQuery(\".widget_wpdev_booking .booking_form.form-horizontal\").removeClass(\"form-horizontal\");\n                                    var visible_booking_id_on_page_num = visible_booking_id_on_page.length;\n                                    if (visible_booking_id_on_page_num !== null ) {\n                                        for (var i=0;i< visible_booking_id_on_page_num ;i++){\n                                          if ( visible_booking_id_on_page[i]==\"booking_form_div1\" ) {\n                                              document.getElementById(\"form_id1691225050332\").innerHTML = \"<span style='color:#A00;font-size:10px;'>Attention! Le calendrier des r\u00e9servations pour cette ressource est d\u00e9j\u00e0 sur la page, veuillez vous renseigner sur ce probl\u00e8me \u00e0 la cette page: https:\/\/wpbookingcalendar.com\/faq\/why-the-booking-calendar-widget-not-show-on-page\/<\/span>\";                                                                                                  \n                                              jQuery(\"#form_id1691225050332\").animate( {opacity: 1}, 10000 ).fadeOut(5000);\n                                              return;\n                                          }\n                                        }\n                                        visible_booking_id_on_page[ visible_booking_id_on_page_num ]=\"booking_form_div1\";\n                                    }\n                                });\n                            <\/script> <script type='text\/javascript'>  jQuery(document).ready( function(){  date_admin_blank[1] = [];  date2approve[1] = [];  var date_approved_par = [];  init_datepick_cal('1', date_approved_par, 2 , 1, false   );  }); <\/script><\/div>\n\n\n\n<p>&#8211;<\/p>\n","protected":false},"excerpt":{"rendered":"<p>Chaque vendredi de la semaine, nous consacrons 30 mn d&#8217;appel par Whatsapp avec nos clients, abonn\u00e9s, prospects&#8230; Si vous d\u00e9sirez \u00e9changer avec nous, vous \u00eates le bienvenu. Vous pouvez solliciter aupr\u00e8s de nous une s\u00e9ance pour discuter de vos attentes, challenges, besoins etc&#8230; Cette s\u00e9ance se fera exclusivement via Whatsapp appel pour une dur\u00e9e de [&hellip;]<\/p>\n","protected":false},"author":1,"featured_media":139,"parent":0,"menu_order":0,"comment_status":"closed","ping_status":"closed","template":"","meta":[],"yoast_head":"<!-- This site is optimized with the Yoast SEO plugin v15.2.1 - https:\/\/yoast.com\/wordpress\/plugins\/seo\/ -->\n<title>Demande de RDV - R\u00e9servation - Blog de PresenceDigitalePourTous<\/title>\n<meta name=\"description\" content=\"Nous vous offrons 30 mn d&#039;appel Whatsapp gratuit pour discuter avec vous de vos besoins, challenges, etc. R\u00e9servez votre place d\u00e8s maintenant!\" \/>\n<meta name=\"robots\" content=\"index, follow, max-snippet:-1, max-image-preview:large, max-video-preview:-1\" \/>\n<link rel=\"canonical\" href=\"https:\/\/presencedigitalepourtous.com\/blog\/demande-de-rdv\/\" \/>\n<meta property=\"og:locale\" content=\"fr_FR\" \/>\n<meta property=\"og:type\" content=\"article\" \/>\n<meta property=\"og:title\" content=\"Demande de RDV - R\u00e9servation - Blog de PresenceDigitalePourTous\" \/>\n<meta property=\"og:description\" content=\"Nous vous offrons 30 mn d&#039;appel Whatsapp gratuit pour discuter avec vous de vos besoins, challenges, etc. R\u00e9servez votre place d\u00e8s maintenant!\" \/>\n<meta property=\"og:url\" content=\"https:\/\/presencedigitalepourtous.com\/blog\/demande-de-rdv\/\" \/>\n<meta property=\"og:site_name\" content=\"Blog de PresenceDigitalePourTous\" \/>\n<meta property=\"article:publisher\" content=\"https:\/\/facebook.com\/presencedigitalepourtous\" \/>\n<meta property=\"article:author\" content=\"https:\/\/facebook.com\/presencedigitalepourtous\/\" \/>\n<meta property=\"article:modified_time\" content=\"2019-03-14T22:44:10+00:00\" \/>\n<meta property=\"og:image\" content=\"https:\/\/presencedigitalepourtous.com\/blog\/wp-content\/uploads\/2019\/03\/calender-2389150_1280.png\" \/>\n\t<meta property=\"og:image:width\" content=\"1280\" \/>\n\t<meta property=\"og:image:height\" content=\"1280\" \/>\n<meta name=\"twitter:card\" content=\"summary_large_image\" \/>\n<meta name=\"twitter:label1\" content=\"\u00c9crit par\">\n\t<meta name=\"twitter:data1\" content=\"Pr\u00e9sence Digitale\">\n\t<meta name=\"twitter:label2\" content=\"Dur\u00e9e de lecture est.\">\n\t<meta name=\"twitter:data2\" content=\"0 minute\">\n<script type=\"application\/ld+json\" class=\"yoast-schema-graph\">{\"@context\":\"https:\/\/schema.org\",\"@graph\":[{\"@type\":\"Organization\",\"@id\":\"https:\/\/presencedigitalepourtous.com\/blog\/#organization\",\"name\":\"Pr\\u00e9sence Digitale Pour Tous\",\"url\":\"https:\/\/presencedigitalepourtous.com\/blog\/\",\"sameAs\":[\"https:\/\/facebook.com\/presencedigitalepourtous\",\"https:\/\/instagram\/presencedigitale\"],\"logo\":{\"@type\":\"ImageObject\",\"@id\":\"https:\/\/presencedigitalepourtous.com\/blog\/#logo\",\"inLanguage\":\"fr-FR\",\"url\":\"https:\/\/presencedigitalepourtous.com\/blog\/wp-content\/uploads\/2019\/02\/LOGOPDFPetit.fw_.png\",\"width\":182,\"height\":80,\"caption\":\"Pr\\u00e9sence Digitale Pour Tous\"},\"image\":{\"@id\":\"https:\/\/presencedigitalepourtous.com\/blog\/#logo\"}},{\"@type\":\"WebSite\",\"@id\":\"https:\/\/presencedigitalepourtous.com\/blog\/#website\",\"url\":\"https:\/\/presencedigitalepourtous.com\/blog\/\",\"name\":\"Blog de PresenceDigitalePourTous\",\"description\":\"Attirer plus de clients et Vendre plus en utilisant le DIGITAL\",\"publisher\":{\"@id\":\"https:\/\/presencedigitalepourtous.com\/blog\/#organization\"},\"potentialAction\":[{\"@type\":\"SearchAction\",\"target\":\"https:\/\/presencedigitalepourtous.com\/blog\/?s={search_term_string}\",\"query-input\":\"required name=search_term_string\"}],\"inLanguage\":\"fr-FR\"},{\"@type\":\"ImageObject\",\"@id\":\"https:\/\/presencedigitalepourtous.com\/blog\/demande-de-rdv\/#primaryimage\",\"inLanguage\":\"fr-FR\",\"url\":\"https:\/\/presencedigitalepourtous.com\/blog\/wp-content\/uploads\/2019\/03\/calender-2389150_1280.png\",\"width\":1280,\"height\":1280},{\"@type\":\"WebPage\",\"@id\":\"https:\/\/presencedigitalepourtous.com\/blog\/demande-de-rdv\/#webpage\",\"url\":\"https:\/\/presencedigitalepourtous.com\/blog\/demande-de-rdv\/\",\"name\":\"Demande de RDV - R\\u00e9servation - Blog de PresenceDigitalePourTous\",\"isPartOf\":{\"@id\":\"https:\/\/presencedigitalepourtous.com\/blog\/#website\"},\"primaryImageOfPage\":{\"@id\":\"https:\/\/presencedigitalepourtous.com\/blog\/demande-de-rdv\/#primaryimage\"},\"datePublished\":\"2019-03-14T15:53:37+00:00\",\"dateModified\":\"2019-03-14T22:44:10+00:00\",\"description\":\"Nous vous offrons 30 mn d'appel Whatsapp gratuit pour discuter avec vous de vos besoins, challenges, etc. R\\u00e9servez votre place d\\u00e8s maintenant!\",\"inLanguage\":\"fr-FR\",\"potentialAction\":[{\"@type\":\"ReadAction\",\"target\":[\"https:\/\/presencedigitalepourtous.com\/blog\/demande-de-rdv\/\"]}]}]}<\/script>\n<!-- \/ Yoast SEO plugin. -->","_links":{"self":[{"href":"https:\/\/presencedigitalepourtous.com\/blog\/wp-json\/wp\/v2\/pages\/137"}],"collection":[{"href":"https:\/\/presencedigitalepourtous.com\/blog\/wp-json\/wp\/v2\/pages"}],"about":[{"href":"https:\/\/presencedigitalepourtous.com\/blog\/wp-json\/wp\/v2\/types\/page"}],"author":[{"embeddable":true,"href":"https:\/\/presencedigitalepourtous.com\/blog\/wp-json\/wp\/v2\/users\/1"}],"replies":[{"embeddable":true,"href":"https:\/\/presencedigitalepourtous.com\/blog\/wp-json\/wp\/v2\/comments?post=137"}],"version-history":[{"count":11,"href":"https:\/\/presencedigitalepourtous.com\/blog\/wp-json\/wp\/v2\/pages\/137\/revisions"}],"predecessor-version":[{"id":158,"href":"https:\/\/presencedigitalepourtous.com\/blog\/wp-json\/wp\/v2\/pages\/137\/revisions\/158"}],"wp:featuredmedia":[{"embeddable":true,"href":"https:\/\/presencedigitalepourtous.com\/blog\/wp-json\/wp\/v2\/media\/139"}],"wp:attachment":[{"href":"https:\/\/presencedigitalepourtous.com\/blog\/wp-json\/wp\/v2\/media?parent=137"}],"curies":[{"name":"wp","href":"https:\/\/api.w.org\/{rel}","templated":true}]}}